{"id":795,"date":"2019-12-13T07:44:58","date_gmt":"2019-12-13T07:44:58","guid":{"rendered":"http:\/\/problemyjakosci.com.pl\/en\/?page_id=793"},"modified":"2026-03-03T13:52:10","modified_gmt":"2026-03-03T13:52:10","slug":"editorial-board","status":"publish","type":"page","link":"https:\/\/problemyjakosci.com.pl\/index.php\/editorial-board\/","title":{"rendered":"REDAKCJA"},"content":{"rendered":"\n<p class=\"has-normal-font-size\"><strong>Redaktor naczelny<\/strong> \u2013 dr hab. in\u017c. Piotr Grudowski, Polska <br><strong>Z-ca redaktora naczelnego<\/strong> \u2013 prof. dr hab. Ma\u0142gorzata Z. Wi\u015bniewska, Polska<br><strong>Sekretarz redakcji<\/strong> \u2013 Agata Szurgit, Polska<\/p>\n\n\n\n<p class=\"has-normal-font-size\"><strong>Stali wsp\u00f3\u0142pracownicy<\/strong><br>dr hab. Piotr Rogala, Polska; dr hab. in\u017c. Marek Roszak, Polska<\/p>\n\n\n\n<p class=\"has-normal-font-size\"><strong>Przewodnicz\u0105cy<\/strong> <strong>Rady Naukowo-Programowej<\/strong><br>Prof. dr hab. in\u017c. Stanis\u0142aw Tkaczyk \u2013 Warsaw University of Technology, Poland<\/p>\n\n\n\n<p class=\"has-normal-font-size\"><strong>Cz\u0142onkowie<\/strong> <strong>Rady Naukowo-Programowej<\/strong> <br>\u2022 Prof. dr hab. Tadeusz Borys \u2013 Uniwersytet Zielonog\u00f3rski, Poland<\/p>\n\n\n\n<p class=\"has-normal-font-size\">\u2022 Prof. Tom Bramorski \u2013 University of Georgia Atlanta, USA<\/p>\n\n\n\n<p class=\"has-normal-font-size\">\u2022 Dr. Sc, Prof. Myroslava Bublyk \u2013 Management and International Business Department, Deputy Head on Development, Lviv Polytechnic National University, Ukraine<\/p>\n\n\n\n<p class=\"has-normal-font-size\">\u2022 Prof. dr hab. Marek Bugdol \u2013 Uniwersytet Jagiello\u0144ski w Krakowie, Poland<\/p>\n\n\n\n<p class=\"has-normal-font-size\">\u2022 Prof. Su Mi Dahlgaard-Park \u2013 Business Administration, School of Management and Economics, Link\u00f6pings University, Sweden<\/p>\n\n\n\n<p class=\"has-normal-font-size\">\u2022 Ing. Martina D\u017eub\u00e1kov\u00e1, PhD. \u2013 University of Economics in Bratislava, Slovakia<\/p>\n\n\n\n<p class=\"has-normal-font-size\">\u2022 Prof. Gilmar Ferreira Batalha \u2013 University of Sao Paulo, Brazil<\/p>\n\n\n\n<p class=\"has-normal-font-size\">\u2022 Prof. dr hab. in\u017c. Zbigniew K\u0142os \u2013 Politechnika Pozna\u0144ska, Poland<\/p>\n\n\n\n<p class=\"has-normal-font-size\">\u2022 Prof. Sandra Muizniece-Brasava \u2013 Latvia University of Agriculture, Latvia<\/p>\n\n\n\n<p class=\"has-normal-font-size\">\u2022 Prof. Ing. Jaroslav Nenad\u00e1l, CSc. \u2013 Vysok\u00e1 \u0161kola b\u00e1\u0148sk\u00e1 \u2013 Technical University of Ostrava, Czech Republic<\/p>\n\n\n\n<p class=\"has-normal-font-size\">\u2022 Prof. Ing. Ji\u0159\u00ed Plura, CSc. \u2013 Vysok\u00e1 \u0161kola b\u00e1\u0148sk\u00e1 V \u2013 Technical University of Ostrava \u2013 Czech Republic<\/p>\n\n\n\n<p class=\"has-normal-font-size\">\u2022 PhD Jurgita Sekliuckiene, Professor \u2013 Kaunas University of Technology, Lithuania<\/p>\n\n\n\n<p class=\"has-normal-font-size\">\u2022 Prof. dr hab. Tadeusz Sikora \u2013 Uniwersytet Ekonomiczny w Krakowie, Poland<\/p>\n\n\n\n<p class=\"has-normal-font-size\">\u2022 Prof. dr hab. El\u017cbieta Skrzypek \u2013 Uniwersytet Kaliski im. Prezydenta Stanis\u0142awa Wojciechowskiego, Poland<\/p>\n\n\n\n<p class=\"has-normal-font-size\">\u2022 Prof. dr hab. Maciej Urbaniak \u2013 Uniwersytet \u0141\u00f3dzki, Poland<br><\/p>\n\n\n<p><!--EndFragment--><\/p>\n<p><!--StartFragment--><\/p>\n\n\n<p><\/p>\n","protected":false},"excerpt":{"rendered":"<p>Redaktor naczelny \u2013 dr hab. in\u017c. Piotr Grudowski, Polska Z-ca redaktora naczelnego \u2013 prof. dr hab. Ma\u0142gorzata Z. Wi\u015bniewska, PolskaSekretarz redakcji \u2013 Agata Szurgit, Polska Stali wsp\u00f3\u0142pracownicydr hab. Piotr Rogala, Polska; dr hab. in\u017c. Marek Roszak, Polska Przewodnicz\u0105cy Rady Naukowo-ProgramowejProf. dr hab. in\u017c. Stanis\u0142aw Tkaczyk \u2013 Warsaw University of Technology, Poland Cz\u0142onkowie Rady Naukowo-Programowej \u2022 [&hellip;]<\/p>\n","protected":false},"author":1,"featured_media":0,"parent":0,"menu_order":0,"comment_status":"closed","ping_status":"closed","template":"","meta":{"footnotes":""},"class_list":["post-795","page","type-page","status-publish","hentry"],"_links":{"self":[{"href":"https:\/\/problemyjakosci.com.pl\/index.php\/wp-json\/wp\/v2\/pages\/795","targetHints":{"allow":["GET"]}}],"collection":[{"href":"https:\/\/problemyjakosci.com.pl\/index.php\/wp-json\/wp\/v2\/pages"}],"about":[{"href":"https:\/\/problemyjakosci.com.pl\/index.php\/wp-json\/wp\/v2\/types\/page"}],"author":[{"embeddable":true,"href":"https:\/\/problemyjakosci.com.pl\/index.php\/wp-json\/wp\/v2\/users\/1"}],"replies":[{"embeddable":true,"href":"https:\/\/problemyjakosci.com.pl\/index.php\/wp-json\/wp\/v2\/comments?post=795"}],"version-history":[{"count":13,"href":"https:\/\/problemyjakosci.com.pl\/index.php\/wp-json\/wp\/v2\/pages\/795\/revisions"}],"predecessor-version":[{"id":1635,"href":"https:\/\/problemyjakosci.com.pl\/index.php\/wp-json\/wp\/v2\/pages\/795\/revisions\/1635"}],"wp:attachment":[{"href":"https:\/\/problemyjakosci.com.pl\/index.php\/wp-json\/wp\/v2\/media?parent=795"}],"curies":[{"name":"wp","href":"https:\/\/api.w.org\/{rel}","templated":true}]}}