{"id":771,"date":"2019-12-12T15:13:07","date_gmt":"2019-12-12T15:13:07","guid":{"rendered":"http:\/\/problemyjakosci.com.pl\/en\/?page_id=771"},"modified":"2026-03-03T13:44:27","modified_gmt":"2026-03-03T13:44:27","slug":"prenumerata","status":"publish","type":"page","link":"https:\/\/problemyjakosci.com.pl\/index.php\/prenumerata\/","title":{"rendered":"PRENUMERATA"},"content":{"rendered":"\n<p class=\"has-normal-font-size\"><strong>Szanowny Kliencie!<\/strong><\/p>\n\n\n\n<p class=\"has-normal-font-size\">Zam\u00f3wienie\nna prenumerat\u0119 czasopisma \u201eProblemy Jako\u015bci\u201d mo\u017cna sk\u0142ada\u0107 w\n<strong>dowolnym terminie i na\ndowolny okres<\/strong>.\nZam\u00f3wienia na zeszyty sprzed daty otrzymania wp\u0142aty b\u0119d\u0105\nrealizowane w miar\u0119 mo\u017cliwo\u015bci z posiadanych zapas\u00f3w\nmagazynowych.<\/p>\n\n\n\n<p class=\"has-normal-font-size\"><strong>Prenumerat\u0119 mo\u017cna zam\u00f3wi\u0107:<\/strong><\/p>\n\n\n\n<ul class=\"wp-block-list\">\n<li class=\"has-normal-font-size\"><strong>faksem:<\/strong> 22&nbsp;891 13 74 <\/li>\n\n\n\n<li class=\"has-normal-font-size\"><strong>telefonicznie:<\/strong> 22&nbsp;840 30 86, 22&nbsp;840 35 89 <\/li>\n\n\n\n<li class=\"has-normal-font-size\"><strong>e-mailem:<\/strong> prenumerata@sigma-not.pl <\/li>\n\n\n\n<li class=\"has-normal-font-size\"><strong>na stronie:<\/strong> www.sigma-not.pl <\/li>\n\n\n\n<li class=\"has-normal-font-size\"><strong>listownie:<\/strong> Zak\u0142ad Poligrafii i Kolporta\u017cu Wydawnictwa SIGMA-NOT Sp. z o.o., ul. Ksi\u0119dza Jerzego Popie\u0142uszki 21, 01-595 Warszawa<\/li>\n\n\n\n<li class=\"has-normal-font-size\"><strong>telefonicznie:<\/strong> 22 8403086, 22 8403589 <\/li>\n\n\n\n<li class=\"has-normal-font-size\"><strong>dokonuj\u0105c wp\u0142aty na konto Wydawnictwa SIGMA-NOT Sp. z o.o.: <\/strong>PKO BP 24 1020 1026 0000 1002 0250 0577 (z podaniem tytu\u0142u czasopisma i liczby egzemplarzy) <\/li>\n<\/ul>\n\n\n\n<p class=\"has-normal-font-size\"><strong>Warianty i cena prenumeraty dwumiesi\u0119cznika \u201eProblemy Jako\u015bci\u201d w 2026 roku:<\/strong><\/p>\n\n\n\n<p class=\"has-normal-font-size\">Cena za 1 egzemplarz wynosi <strong>75,00 z\u0142<\/strong> (w tym 8% VAT)<\/p>\n\n\n\n<ul class=\"wp-block-list\">\n<li class=\"has-normal-font-size\">prenumerata roczna w wersji papierowej <strong>420,00 z\u0142 brutto<\/strong> (w tym 8% VAT) + roczny koszt wysy\u0142ki \u2013 <strong>21,00 z\u0142 brutto<\/strong> <\/li>\n\n\n\n<li class=\"has-normal-font-size\">prenumerata roczna w wersji cyfrowej <strong>372,00 z\u0142 brutto<\/strong> (w tym 8% VAT) \u2013 bez kosztu wysy\u0142ki <\/li>\n\n\n\n<li class=\"has-normal-font-size\">prenumerata roczna Pakiet PLUS<strong> 561,00 z\u0142  brutto<\/strong> (w tym 8% VAT)<strong> \u2013 czasopismo w wersji papierowej i cyfrowej + dost\u0119p do archiwalnych tre\u015bci <\/strong> <\/li>\n<\/ul>\n\n\n\n<p class=\"has-normal-font-size\">Podane ceny zawieraj\u0105 8% podatek VAT.<br>Uwaga! Okres prenumeraty nie ulega skr\u00f3ceniu.<br>W przypadku zmiany stawki VAT na czasopisma i \u2013 w konsekwencji \u2013 zmiany cen brutto prenumeraty, prenumeratorzy zobowi\u0105zani s\u0105 do dop\u0142aty r\u00f3\u017cnicy.<\/p>\n\n\n\n<p class=\"has-normal-font-size\"><strong>Je\u015bli masz pytania, napisz prosz\u0119 bezpo\u015brednio do Redakcji: problemyjakosci@sigma-not.pl<\/strong><\/p>\n","protected":false},"excerpt":{"rendered":"<p>Szanowny Kliencie! Zam\u00f3wienie na prenumerat\u0119 czasopisma \u201eProblemy Jako\u015bci\u201d mo\u017cna sk\u0142ada\u0107 w dowolnym terminie i na dowolny okres. Zam\u00f3wienia na zeszyty sprzed daty otrzymania wp\u0142aty b\u0119d\u0105 realizowane w miar\u0119 mo\u017cliwo\u015bci z posiadanych zapas\u00f3w magazynowych. Prenumerat\u0119 mo\u017cna zam\u00f3wi\u0107: Warianty i cena prenumeraty dwumiesi\u0119cznika \u201eProblemy Jako\u015bci\u201d w 2026 roku: Cena za 1 egzemplarz wynosi 75,00 z\u0142 (w tym [&hellip;]<\/p>\n","protected":false},"author":1,"featured_media":0,"parent":0,"menu_order":0,"comment_status":"closed","ping_status":"closed","template":"","meta":{"footnotes":""},"class_list":["post-771","page","type-page","status-publish","hentry"],"_links":{"self":[{"href":"https:\/\/problemyjakosci.com.pl\/index.php\/wp-json\/wp\/v2\/pages\/771","targetHints":{"allow":["GET"]}}],"collection":[{"href":"https:\/\/problemyjakosci.com.pl\/index.php\/wp-json\/wp\/v2\/pages"}],"about":[{"href":"https:\/\/problemyjakosci.com.pl\/index.php\/wp-json\/wp\/v2\/types\/page"}],"author":[{"embeddable":true,"href":"https:\/\/problemyjakosci.com.pl\/index.php\/wp-json\/wp\/v2\/users\/1"}],"replies":[{"embeddable":true,"href":"https:\/\/problemyjakosci.com.pl\/index.php\/wp-json\/wp\/v2\/comments?post=771"}],"version-history":[{"count":11,"href":"https:\/\/problemyjakosci.com.pl\/index.php\/wp-json\/wp\/v2\/pages\/771\/revisions"}],"predecessor-version":[{"id":1631,"href":"https:\/\/problemyjakosci.com.pl\/index.php\/wp-json\/wp\/v2\/pages\/771\/revisions\/1631"}],"wp:attachment":[{"href":"https:\/\/problemyjakosci.com.pl\/index.php\/wp-json\/wp\/v2\/media?parent=771"}],"curies":[{"name":"wp","href":"https:\/\/api.w.org\/{rel}","templated":true}]}}