{"id":751,"date":"2019-12-12T12:34:42","date_gmt":"2019-12-12T12:34:42","guid":{"rendered":"http:\/\/problemyjakosci.com.pl\/en\/?page_id=751"},"modified":"2026-03-03T13:50:22","modified_gmt":"2026-03-03T13:50:22","slug":"rada-naukowo-programowa","status":"publish","type":"page","link":"https:\/\/problemyjakosci.com.pl\/index.php\/rada-naukowo-programowa\/","title":{"rendered":"RADA NAUKOWO-PROGRAMOWA"},"content":{"rendered":"\n<p class=\"has-normal-font-size\"><strong>Przewodnicz\u0105cy<\/strong> <br>Prof. dr hab. in\u017c. Stanis\u0142aw Tkaczyk \u2013 Politechnika Warszawska, Poland<\/p>\n\n\n\n<p class=\"has-normal-font-size\"><strong>Cz\u0142onkowie<\/strong>:<br>\u2022 Prof. dr hab. Tadeusz Borys \u2013 Uniwersytet Zielonog\u00f3rski, Poland<\/p>\n\n\n\n<p class=\"has-normal-font-size\">\u2022 Prof. Tom Bramorski \u2013 University of Georgia Atlanta, USA<\/p>\n\n\n\n<p class=\"has-normal-font-size\">\u2022 Dr. Sc, Prof. Myroslava Bublyk \u2013 Management and International Business Department, Deputy Head on Development, Lviv Polytechnic National University, Ukraine<\/p>\n\n\n\n<p class=\"has-normal-font-size\">\u2022 Prof. dr hab. Marek Bugdol \u2013 Uniwersytet Jagiello\u0144ski w Krakowie, Poland<\/p>\n\n\n\n<p class=\"has-normal-font-size\">\u2022 Prof. Su Mi Dahlgaard-Park \u2013 Business Administration, School of Management and Economics, Link\u00f6pings University, Sweden<\/p>\n\n\n\n<p class=\"has-normal-font-size\">\u2022 Ing. Martina D\u017eub\u00e1kov\u00e1, PhD. \u2013 University of Economics in Bratislava, Slovakia<\/p>\n\n\n\n<p class=\"has-normal-font-size\">\u2022 Prof. Gilmar Ferreira Batalha \u2013 University of Sao Paulo, Brazil<\/p>\n\n\n\n<p class=\"has-normal-font-size\">\u2022 Prof. dr hab. in\u017c. Zbigniew K\u0142os \u2013 Politechnika Pozna\u0144ska, Poland<\/p>\n\n\n\n<p class=\"has-normal-font-size\">\u2022 Prof. Sandra Muizniece-Brasava \u2013 Latvia University of Agriculture, Latvia<\/p>\n\n\n\n<p class=\"has-normal-font-size\">\u2022 Prof. Ing. Jaroslav Nenad\u00e1l, CSc. \u2013 Vysok\u00e1 \u0161kola b\u00e1\u0148sk\u00e1 \u2013 Technical University of Ostrava, Czech Republic<\/p>\n\n\n\n<p class=\"has-normal-font-size\">\u2022 Prof. Ing. Ji\u0159\u00ed Plura, CSc. \u2013 Vysok\u00e1 \u0161kola b\u00e1\u0148sk\u00e1 V \u2013 Technical University of Ostrava \u2013 Czech Republic<\/p>\n\n\n\n<p class=\"has-normal-font-size\">\u2022 PhD Jurgita Sekliuckiene, Professor \u2013 Kaunas University of Technology, Lithuania<\/p>\n\n\n\n<p class=\"has-normal-font-size\">\u2022 Prof. dr hab. Tadeusz Sikora \u2013 Uniwersytet Ekonomiczny w Krakowie, Poland<\/p>\n\n\n\n<p class=\"has-normal-font-size\">\u2022 Prof. dr hab. El\u017cbieta Skrzypek \u2013 Uniwersytet Kaliski im. Prezydenta Stanis\u0142awa Wojciechowskiego, Poland<\/p>\n\n\n\n<p class=\"has-normal-font-size\">\u2022 Prof. dr hab. Maciej Urbaniak \u2013 Uniwersytet \u0141\u00f3dzki, Poland<\/p>\n\n\n\n<p class=\"has-normal-font-size\"><strong>Lista Recenzent\u00f3w<\/strong><br>dr hab. in\u017c. Wiktor Adamus,<br>dr hab. Pawe\u0142 J. Borkowski,<br>prof. dr hab. Marek Bugdol,<br>dr hab. in\u017c. Zdzis\u0142aw Czaplicki,<br>dr hab. Eugenia Czernyszewicz,<br>dr in\u017c. Anna Dobrowolska,<br>dr hab. in\u017c. Marta Dudek-Burlikowska,<br>dr in\u017c. Tomasz Ewertowski,<br>prof. dr hab. in\u017c. Jan Figurski,<br>dr hab. in\u017c. Bo\u017cena Gajdzik,<br>dr hab. in\u017c. Piotr Grudowski,<br>dr hab. in\u017c. J\u00f3zef Gruszka,<br>dr hab. in\u017c. El\u017cbieta Ha\u0107-Szyma\u0144czuk,<br>dr Marzena Hajduk-Stelmachowicz,<br>dr hab. in\u017c. Katarzyna Hys,<br>p\u0142k dr hab. in\u017c. Tomasz Ja\u0142owiec,<br>dr hab. in\u017c. Ma\u0142gorzata Jasiulewicz-Kaczmarek,<br>dr hab. in\u017c. Piotr Kafel,<br>dr hab. Agnieszka Kister,<br>prof. dr hab. in\u017c. Zbigniew K\u0142os<br>prof. dr hab. Stanis\u0142aw Kowalczyk,<br>dr hab. Aleksandra Kowalska,<br>dr hab. in\u017c. Jolanta Kowalska,<br>dr hab. in\u017c. Anna Lis,<br>dr n. ekon. Mira Lisiecka-Bie\u0142anowicz,<br>dr in\u017c. Roma Marczewska-Ku\u017ama,<br>dr in\u017c. Ewa Marja\u0144ska,<br>dr hab. in\u017c. Ma\u0142gorzata Matusiak,<br>dr in\u017c. Anna Mazur,<br>dr hab. Oleksandr Melnychenko,<br>dr hab. in\u017c. Agnieszka Misztal,<br>p\u0142k dr hab. Szymon Mitkow,<br>dr hab. in\u017c. Przemys\u0142aw Niewiadomski,<br>dr hab. Honorata Nyga-\u0141ukaszewska,<br>prof. dr hab. in\u017c. Leszek Pacholski,<br>prof. dr hab. in\u017c. Piotr Przyby\u0142owski,<br>prof. dr hab. Andrzej Rapacz,<br>dr hab. Piotr Rogala,<br>dr hab. in\u017c. Marek Roszak,<br>dr hab. Joanna Sad\u0142owska-Wrzesi\u0144ska,<br>dr hab. Adam Skrzypek,<br>dr hab. in\u017c. Ma\u0142gorzata S\u0142awi\u0144ska,<br>dr hab. in\u017c. Agnieszka Stachowiak,<br>prof. dr hab. Katarzyna Szczepa\u0144ska,<br>dr hab. Dawid Szostek,<br>prof. dr hab. in\u017c. Maria Szpakowska,<br>dr hab. in\u017c. Andrzej \u015awiderski,<br>dr hab. in\u017c. Anna Sylwia Tarczy\u0144ska,<br>prof. dr hab. in\u017c. Stanis\u0142aw Tkaczyk,<br>prof. dr hab. in\u017c. Edwin Tytyk,<br>dr hab. in\u017c. Wies\u0142aw Urban,<br>prof. dr hab. Maciej Urbaniak,<br>dr hab. S\u0142awomir Wawak,<br>dr hab. in\u017c. Ewa Wi\u0119cek-Janka,<br>prof. dr hab. Ma\u0142gorzata Z. Wi\u015bniewska,<br>dr hab. Hanna W\u0142odarkiewicz-Klimek,<br>prof. dr hab. in\u017c. Rados\u0142aw Wolniak<br>prof. dr hab. in\u017c. Jaros\u0142aw Wo\u0142ejszo, p\u0142k rez.;<br>dr hab. Zofia Zymonik,<br>dr Janusz Zymonik,<br>prof. dr hab. in\u017c. Jerzy \u017buchowski<\/p>\n\n\n\n<p class=\"has-normal-font-size\">Wersja pierwotna czasopisma \u2013 elektroniczna<\/p>\n\n\n\n<p><br><br> <br><\/p>\n\n\n\n<p><\/p>\n","protected":false},"excerpt":{"rendered":"<p>Przewodnicz\u0105cy Prof. dr hab. in\u017c. Stanis\u0142aw Tkaczyk \u2013 Politechnika Warszawska, Poland Cz\u0142onkowie:\u2022 Prof. dr hab. Tadeusz Borys \u2013 Uniwersytet Zielonog\u00f3rski, Poland \u2022 Prof. Tom Bramorski \u2013 University of Georgia Atlanta, USA \u2022 Dr. Sc, Prof. Myroslava Bublyk \u2013 Management and International Business Department, Deputy Head on Development, Lviv Polytechnic National University, Ukraine \u2022 Prof. dr [&hellip;]<\/p>\n","protected":false},"author":1,"featured_media":0,"parent":0,"menu_order":0,"comment_status":"closed","ping_status":"closed","template":"template-authors.php","meta":{"footnotes":""},"class_list":["post-751","page","type-page","status-publish","hentry"],"_links":{"self":[{"href":"https:\/\/problemyjakosci.com.pl\/index.php\/wp-json\/wp\/v2\/pages\/751","targetHints":{"allow":["GET"]}}],"collection":[{"href":"https:\/\/problemyjakosci.com.pl\/index.php\/wp-json\/wp\/v2\/pages"}],"about":[{"href":"https:\/\/problemyjakosci.com.pl\/index.php\/wp-json\/wp\/v2\/types\/page"}],"author":[{"embeddable":true,"href":"https:\/\/problemyjakosci.com.pl\/index.php\/wp-json\/wp\/v2\/users\/1"}],"replies":[{"embeddable":true,"href":"https:\/\/problemyjakosci.com.pl\/index.php\/wp-json\/wp\/v2\/comments?post=751"}],"version-history":[{"count":20,"href":"https:\/\/problemyjakosci.com.pl\/index.php\/wp-json\/wp\/v2\/pages\/751\/revisions"}],"predecessor-version":[{"id":1633,"href":"https:\/\/problemyjakosci.com.pl\/index.php\/wp-json\/wp\/v2\/pages\/751\/revisions\/1633"}],"wp:attachment":[{"href":"https:\/\/problemyjakosci.com.pl\/index.php\/wp-json\/wp\/v2\/media?parent=751"}],"curies":[{"name":"wp","href":"https:\/\/api.w.org\/{rel}","templated":true}]}}