{"id":666,"date":"2019-10-31T13:14:52","date_gmt":"2019-10-31T13:14:52","guid":{"rendered":"http:\/\/tiam.com.pl\/?page_id=2"},"modified":"2026-03-03T13:42:08","modified_gmt":"2026-03-03T13:42:08","slug":"o-czasopismie","status":"publish","type":"page","link":"https:\/\/problemyjakosci.com.pl\/index.php\/o-czasopismie\/","title":{"rendered":"O CZASOPI\u015aMIE"},"content":{"rendered":"\n<p class=\"has-normal-font-size\"><strong>Problemy Jako\u015bci<\/strong><br>dwumiesi\u0119cznik<br>ISSN 0137-8651<br>e-ISSN 2449-9862<br><\/p>\n\n\n\n<p class=\"has-normal-font-size\"><\/p>\n\n\n\n<p class=\"has-normal-font-size\"><strong>Autor za publikacj\u0119 artyku\u0142u w czasopi\u015bmie naukowym &#8222;Problemy  Jako\u015bci&#8221; otrzymuje 40 punkt\u00f3w zgodnie z komunikatem Ministra  Nauki z dnia 5 stycznia 2024 roku w sprawie wykazu czasopism naukowych i  recenzowanych materia\u0142\u00f3w z konferencji mi\u0119dzynarodowych.<\/strong> <\/p>\n\n\n\n<p class=\"has-normal-font-size\"> <strong>Tematyka:<\/strong><br>Pismo naukowe prezentuj\u0105ce w spos\u00f3b pog\u0142\u0119biony dorobek teorii i  praktyki w dziedzinie jako\u015bci i zarz\u0105dzania od 1968 roku. Przedstawia  najwa\u017cniejsze zagadnienia zwi\u0105zane z jako\u015bci\u0105 organizacji i zarz\u0105dzania  oraz wdra\u017caniem, realizacj\u0105 i certyfikacj\u0105 system\u00f3w zapewnienia jako\u015bci.  Prezentuje badania naukowe stanowi\u0105ce podstaw\u0119 do dyskusji i wymiany  do\u015bwiadcze\u0144 na \u0142amach czasopisma. Misj\u0105 \u201eProblem\u00f3w Jako\u015bci\u201d jest  upowszechnianie osi\u0105gni\u0119\u0107 nauki i praktyki w obszarze zarz\u0105dzania  poprzez popularyzowanie narz\u0119dzi i metod doskonalenia jako\u015bci oraz  inspirowanie i integrowanie \u015brodowiska kwalitolog\u00f3w.  <strong> <\/strong> <\/p>\n\n\n\n<p class=\"has-normal-font-size\"><strong>S\u0142owa kluczowe:<\/strong><br>Jako\u015b\u0107, kwalitologia, zarz\u0105dzanie jako\u015bci\u0105, certyfikacja, audyt, norma, wdra\u017canie, system kontroli jako\u015bci, zapewnienie jako\u015bci, system zarz\u0105dzania jako\u015bci\u0105, model jako\u015bci<\/p>\n\n\n\n<p class=\"has-normal-font-size\"><strong>Autorzy:<\/strong><br>Wybitni teoretycy, pracownicy naukowi oraz praktycy<\/p>\n\n\n\n<p class=\"has-normal-font-size\"><strong>Czytelnicy:<\/strong><br>Kadra zarz\u0105dzaj\u0105ca, mened\u017cerowie, przedsi\u0119biorcy, naukowcy, studenci<\/p>\n\n\n\n<p class=\"has-normal-font-size\"><strong>Wydawca:<\/strong><br>Wydawnictwo Czasopism i Ksi\u0105\u017cek Technicznych <strong>SIGMA-NOT Sp\u00f3\u0142ka z o.o.<\/strong><br>ul. Ratuszowa 11, 03-450 Warszawa, Polska<br>KRS: 0000069968, S\u0105d Rejonowy dla m.st. Warszawy, XIII Wydzia\u0142 Gospodarczy<br>NIP: 524 030 35 01 <\/p>\n\n\n\n<p class=\"has-normal-font-size\"><\/p>\n","protected":false},"excerpt":{"rendered":"<p>Problemy Jako\u015bcidwumiesi\u0119cznikISSN 0137-8651e-ISSN 2449-9862 Autor za publikacj\u0119 artyku\u0142u w czasopi\u015bmie naukowym &#8222;Problemy Jako\u015bci&#8221; otrzymuje 40 punkt\u00f3w zgodnie z komunikatem Ministra Nauki z dnia 5 stycznia 2024 roku w sprawie wykazu czasopism naukowych i recenzowanych materia\u0142\u00f3w z konferencji mi\u0119dzynarodowych. Tematyka:Pismo naukowe prezentuj\u0105ce w spos\u00f3b pog\u0142\u0119biony dorobek teorii i praktyki w dziedzinie jako\u015bci i zarz\u0105dzania od 1968 [&hellip;]<\/p>\n","protected":false},"author":1,"featured_media":0,"parent":0,"menu_order":0,"comment_status":"closed","ping_status":"open","template":"","meta":{"footnotes":""},"class_list":["post-666","page","type-page","status-publish","hentry"],"_links":{"self":[{"href":"https:\/\/problemyjakosci.com.pl\/index.php\/wp-json\/wp\/v2\/pages\/666","targetHints":{"allow":["GET"]}}],"collection":[{"href":"https:\/\/problemyjakosci.com.pl\/index.php\/wp-json\/wp\/v2\/pages"}],"about":[{"href":"https:\/\/problemyjakosci.com.pl\/index.php\/wp-json\/wp\/v2\/types\/page"}],"author":[{"embeddable":true,"href":"https:\/\/problemyjakosci.com.pl\/index.php\/wp-json\/wp\/v2\/users\/1"}],"replies":[{"embeddable":true,"href":"https:\/\/problemyjakosci.com.pl\/index.php\/wp-json\/wp\/v2\/comments?post=666"}],"version-history":[{"count":13,"href":"https:\/\/problemyjakosci.com.pl\/index.php\/wp-json\/wp\/v2\/pages\/666\/revisions"}],"predecessor-version":[{"id":1629,"href":"https:\/\/problemyjakosci.com.pl\/index.php\/wp-json\/wp\/v2\/pages\/666\/revisions\/1629"}],"wp:attachment":[{"href":"https:\/\/problemyjakosci.com.pl\/index.php\/wp-json\/wp\/v2\/media?parent=666"}],"curies":[{"name":"wp","href":"https:\/\/api.w.org\/{rel}","templated":true}]}}