{"id":751,"date":"2019-12-12T12:34:42","date_gmt":"2019-12-12T12:34:42","guid":{"rendered":"http:\/\/problemyjakosci.com.pl\/en\/?page_id=751"},"modified":"2026-03-03T12:52:37","modified_gmt":"2026-03-03T12:52:37","slug":"scientific-board","status":"publish","type":"page","link":"https:\/\/problemyjakosci.com.pl\/en\/?page_id=751","title":{"rendered":"Scientific Board"},"content":{"rendered":"\n<h2 class=\"has-small-font-size\"><strong>Chairman<\/strong> <br>Prof.  Dr HAB. IN\u017b. Stanis\u0142aw Tkaczyk \u2013 Warsaw University of Technology, Poland<\/h2>\n\n\n\n<p class=\"has-normal-font-size\"><strong>Members<\/strong><br>Prof. dr hab. Tadeusz Borys \u2013 University of Zielona G\u00f3ra, Poland<br>Prof. Tom Bramorski \u2013 University of Georgia Atlanta, USA<br>Dr. Sc, Prof. Myroslava Bublyk \u2013 Management and International Business<br>Department, Deputy Head on Development, Lviv Polytechnic National University, Ukraine<br>Prof. dr hab. Marek Bugdol \u2013 Jagiellonian University in Krak\u00f3w, Poland<br>Prof. Su Mi Dahlgaard-Park \u2013 Business Administration, School<br>of Management and Economics, Link\u00f6pings University, Sweden<br>Ing. Martina D\u017eub\u00e1kov\u00e1, PhD. \u2013 University of Economics in Bratislava, Slovakia<br>Prof. Gilmar Ferreira Batalha \u2013 University of Sao Paulo, Brazil<br>Prof. dr hab. in\u017c. Zbigniew K\u0142os \u2013 Poznan University of Technology, Poland<br>Prof. Sandra Muizniece-Brasava \u2013 Latvia University of Agriculture, Latvia<br>Prof. Ing. Jaroslav Nenad\u00e1l, CSc. \u2013 Vysok\u00e1 \u0161kola b\u00e1\u0148sk\u00e1 \u2013 Technical University of Ostrava, Czech Republic<br>Prof. Ing. Ji\u0159\u00ed Plura, CSc. \u2013 Vysok\u00e1 \u0161kola b\u00e1\u0148sk\u00e1 \u2013 Technical University of Ostrava, Czech Republic<br>PhD Jurgita Sekliuckiene, Professor \u2013 Kaunas University of Technology, Lithuania<br>Prof. dr hab. Tadeusz Sikora \u2013 Krakow University of Economics, Poland<br>Prof. dr hab. El\u017cbieta Skrzypek \u2013 University of Kalisz, Poland<br>Prof. dr hab. Maciej Urbaniak \u2013 University of Lodz, Poland<\/p>\n\n\n\n<p class=\"has-normal-font-size\"><strong>List of Reviewers<\/strong><br><\/p>\n\n\n\n<p class=\"has-normal-font-size\">dr hab. in\u017c. Wiktor Adamus,<\/p>\n\n\n\n<p class=\"has-normal-font-size\">dr hab. Pawe\u0142 J. Borkowski,<\/p>\n\n\n\n<p class=\"has-normal-font-size\">prof. dr hab. Marek Bugdol,<\/p>\n\n\n\n<p class=\"has-normal-font-size\">dr hab. in\u017c. Zdzis\u0142aw Czaplicki,<\/p>\n\n\n\n<p class=\"has-normal-font-size\">dr hab. Eugenia Czernyszewicz,<\/p>\n\n\n\n<p class=\"has-normal-font-size\">dr in\u017c. Anna Dobrowolska,<\/p>\n\n\n\n<p class=\"has-normal-font-size\">dr hab. in\u017c. Marta Dudek-Burlikowska,<\/p>\n\n\n\n<p class=\"has-normal-font-size\">dr in\u017c. Tomasz Ewertowski,<\/p>\n\n\n\n<p class=\"has-normal-font-size\">prof. dr hab. in\u017c. Jan Figurski,<\/p>\n\n\n\n<p class=\"has-normal-font-size\">dr hab. in\u017c. Bo\u017cena Gajdzik,<\/p>\n\n\n\n<p class=\"has-normal-font-size\">dr hab. in\u017c. Piotr Grudowski,<\/p>\n\n\n\n<p class=\"has-normal-font-size\">dr hab. in\u017c. J\u00f3zef Gruszka,<\/p>\n\n\n\n<p class=\"has-normal-font-size\">dr hab. in\u017c. El\u017cbieta Ha\u0107-Szyma\u0144czuk,<\/p>\n\n\n\n<p class=\"has-normal-font-size\">dr Marzena Hajduk-Stelmachowicz,<\/p>\n\n\n\n<p class=\"has-normal-font-size\">dr hab. in\u017c. Katarzyna Hys,<\/p>\n\n\n\n<p class=\"has-normal-font-size\">p\u0142k dr hab. in\u017c. Tomasz Ja\u0142owiec,<\/p>\n\n\n\n<p class=\"has-normal-font-size\">dr hab. in\u017c. Ma\u0142gorzata Jasiulewicz-Kaczmarek,<\/p>\n\n\n\n<p class=\"has-normal-font-size\">dr hab. in\u017c. Piotr Kafel,<\/p>\n\n\n\n<p class=\"has-normal-font-size\">dr hab. Agnieszka Kister,<\/p>\n\n\n\n<p class=\"has-normal-font-size\">prof. dr hab. in\u017c. Zbigniew K\u0142os<\/p>\n\n\n\n<p class=\"has-normal-font-size\">prof. dr hab. Stanis\u0142aw Kowalczyk,<\/p>\n\n\n\n<p class=\"has-normal-font-size\">dr hab. Aleksandra Kowalska,<\/p>\n\n\n\n<p class=\"has-normal-font-size\">dr hab. in\u017c. Jolanta Kowalska,<\/p>\n\n\n\n<p class=\"has-normal-font-size\">dr hab. in\u017c. Anna Lis,<\/p>\n\n\n\n<p class=\"has-normal-font-size\">dr n. ekon. Mira Lisiecka-Bie\u0142anowicz,<\/p>\n\n\n\n<p class=\"has-normal-font-size\">dr in\u017c. Roma Marczewska-Ku\u017ama,<\/p>\n\n\n\n<p class=\"has-normal-font-size\">dr in\u017c. Ewa Marja\u0144ska,<\/p>\n\n\n\n<p class=\"has-normal-font-size\">dr hab. in\u017c. Ma\u0142gorzata Matusiak,<\/p>\n\n\n\n<p class=\"has-normal-font-size\">dr in\u017c. Anna Mazur,<\/p>\n\n\n\n<p class=\"has-normal-font-size\">dr hab. Oleksandr Melnychenko,<\/p>\n\n\n\n<p class=\"has-normal-font-size\">dr hab. in\u017c. Agnieszka Misztal,<\/p>\n\n\n\n<p class=\"has-normal-font-size\">p\u0142k dr hab. Szymon Mitkow,<\/p>\n\n\n\n<p class=\"has-normal-font-size\">dr hab. in\u017c. Przemys\u0142aw Niewiadomski,<\/p>\n\n\n\n<p class=\"has-normal-font-size\">dr hab. Honorata Nyga-\u0141ukaszewska,<\/p>\n\n\n\n<p class=\"has-normal-font-size\">prof. dr hab. in\u017c. Leszek Pacholski,<\/p>\n\n\n\n<p class=\"has-normal-font-size\">prof. dr hab. in\u017c. Piotr Przyby\u0142owski,<\/p>\n\n\n\n<p class=\"has-normal-font-size\">prof. dr hab. Andrzej Rapacz,<\/p>\n\n\n\n<p class=\"has-normal-font-size\">dr hab. Piotr Rogala,<\/p>\n\n\n\n<p class=\"has-normal-font-size\">dr hab. in\u017c. Marek Roszak,<\/p>\n\n\n\n<p class=\"has-normal-font-size\">dr hab. Joanna Sad\u0142owska-Wrzesi\u0144ska,<\/p>\n\n\n\n<p class=\"has-normal-font-size\">dr hab. Adam Skrzypek,<\/p>\n\n\n\n<p class=\"has-normal-font-size\">dr hab. in\u017c. Ma\u0142gorzata S\u0142awi\u0144ska,<\/p>\n\n\n\n<p class=\"has-normal-font-size\">dr hab. in\u017c. Agnieszka Stachowiak,<\/p>\n\n\n\n<p class=\"has-normal-font-size\">prof. dr hab. Katarzyna Szczepa\u0144ska,<\/p>\n\n\n\n<p class=\"has-normal-font-size\">dr hab. Dawid Szostek,<\/p>\n\n\n\n<p class=\"has-normal-font-size\">prof. dr hab. in\u017c. Maria Szpakowska,<\/p>\n\n\n\n<p class=\"has-normal-font-size\">dr hab. in\u017c. Andrzej \u015awiderski,<\/p>\n\n\n\n<p class=\"has-normal-font-size\">dr hab. in\u017c. Anna Sylwia Tarczy\u0144ska,<\/p>\n\n\n\n<p class=\"has-normal-font-size\">prof. dr hab. in\u017c. Stanis\u0142aw Tkaczyk,<\/p>\n\n\n\n<p class=\"has-normal-font-size\">prof. dr hab. in\u017c. Edwin Tytyk,<\/p>\n\n\n\n<p class=\"has-normal-font-size\">dr hab. in\u017c. Wies\u0142aw Urban,<\/p>\n\n\n\n<p class=\"has-normal-font-size\">prof. dr hab. Maciej Urbaniak,<\/p>\n\n\n\n<p class=\"has-normal-font-size\">dr hab. S\u0142awomir Wawak,<\/p>\n\n\n\n<p class=\"has-normal-font-size\">dr hab. in\u017c. Ewa Wi\u0119cek-Janka,<\/p>\n\n\n\n<p class=\"has-normal-font-size\">prof. dr hab. Ma\u0142gorzata Z. Wi\u015bniewska,<\/p>\n\n\n\n<p class=\"has-normal-font-size\">dr hab. Hanna W\u0142odarkiewicz-Klimek,<\/p>\n\n\n\n<p class=\"has-normal-font-size\">prof. dr hab. in\u017c. Rados\u0142aw Wolniak<\/p>\n\n\n\n<p class=\"has-normal-font-size\">prof. dr hab. in\u017c. Jaros\u0142aw Wo\u0142ejszo, p\u0142k rez.;<\/p>\n\n\n\n<p class=\"has-normal-font-size\">dr hab. Zofia Zymonik,<\/p>\n\n\n\n<p class=\"has-normal-font-size\">dr Janusz Zymonik,<\/p>\n\n\n\n<p class=\"has-normal-font-size\">prof. dr hab. in\u017c. Jerzy \u017buchowski<\/p>\n\n\n\n<p><\/p>\n","protected":false},"excerpt":{"rendered":"<p>Chairman Prof. Dr HAB. IN\u017b. Stanis\u0142aw Tkaczyk \u2013 Warsaw University of Technology, Poland MembersProf. dr hab. Tadeusz Borys \u2013 University of Zielona G\u00f3ra, PolandProf. Tom Bramorski \u2013 University of Georgia Atlanta, USADr. Sc, Prof. Myroslava Bublyk \u2013 Management and International BusinessDepartment, Deputy Head on Development, Lviv Polytechnic National University, UkraineProf. dr hab. Marek Bugdol \u2013 [&hellip;]<\/p>\n","protected":false},"author":1,"featured_media":0,"parent":0,"menu_order":0,"comment_status":"closed","ping_status":"closed","template":"","meta":[],"_links":{"self":[{"href":"https:\/\/problemyjakosci.com.pl\/en\/index.php?rest_route=\/wp\/v2\/pages\/751"}],"collection":[{"href":"https:\/\/problemyjakosci.com.pl\/en\/index.php?rest_route=\/wp\/v2\/pages"}],"about":[{"href":"https:\/\/problemyjakosci.com.pl\/en\/index.php?rest_route=\/wp\/v2\/types\/page"}],"author":[{"embeddable":true,"href":"https:\/\/problemyjakosci.com.pl\/en\/index.php?rest_route=\/wp\/v2\/users\/1"}],"replies":[{"embeddable":true,"href":"https:\/\/problemyjakosci.com.pl\/en\/index.php?rest_route=%2Fwp%2Fv2%2Fcomments&post=751"}],"version-history":[{"count":22,"href":"https:\/\/problemyjakosci.com.pl\/en\/index.php?rest_route=\/wp\/v2\/pages\/751\/revisions"}],"predecessor-version":[{"id":1444,"href":"https:\/\/problemyjakosci.com.pl\/en\/index.php?rest_route=\/wp\/v2\/pages\/751\/revisions\/1444"}],"wp:attachment":[{"href":"https:\/\/problemyjakosci.com.pl\/en\/index.php?rest_route=%2Fwp%2Fv2%2Fmedia&parent=751"}],"curies":[{"name":"wp","href":"https:\/\/api.w.org\/{rel}","templated":true}]}}