{"id":666,"date":"2019-10-31T13:14:52","date_gmt":"2019-10-31T13:14:52","guid":{"rendered":"http:\/\/tiam.com.pl\/?page_id=2"},"modified":"2026-03-03T12:46:45","modified_gmt":"2026-03-03T12:46:45","slug":"about-the-journal","status":"publish","type":"page","link":"https:\/\/problemyjakosci.com.pl\/en\/?page_id=666","title":{"rendered":"About The Journal"},"content":{"rendered":"\n<p class=\"has-normal-font-size\">&#8220;Problems of Quality&#8221;  <br>bimonthly (6 issues a year)<br>ISSN 0137-8651<br>e-ISSN 2449-9862<\/p>\n\n\n\n<p><\/p>\n\n\n\n<p class=\"has-normal-font-size\"> &#8220;Problems of Quality&#8221;, launched in 1968,  is a scientific journal presenting a detailed look on the achievements of theory and practice in the scientific discipline of management and quality in relation to the interdisciplinary field of knowledge, which is qualitology, whose most important applications can be found in social, natural, technical and economic areas. It presents research results forming the basis for discussion and exchange of experience related to the issues of project, process and environmental quality, as well as the quality of services, product quality and quality of life. The mission of &#8220;Problems of Quality&#8221; is to disseminate the latest trends in the development of research methods, their analysis and applications in various fields of the economy by promoting quality improvement tools and methods as well as inspiring and integrating qualitologists. <\/p>\n\n\n\n<p class=\"has-normal-font-size\"><strong>A publication in &#8220;Problems of Quality&#8221; is awarded 40 points according to the list of the <strong><strong><strong>Ministry of Science and Higher Education<\/strong><\/strong><\/strong><\/strong>.<\/p>\n\n\n\n<p class=\"has-normal-font-size\"><strong>Keywords<\/strong><br>quality, qualitology, management, certification, audit, standard, implementation, quality control system, quality assurance, quality management system, quality model<\/p>\n\n\n\n<p class=\"has-normal-font-size\"><strong>Authors<br><\/strong>eminent theorists, academic researchers, experts<\/p>\n\n\n\n<p class=\"has-normal-font-size\"><strong>Readers<br><\/strong>managers at all levels,&nbsp;entrepreneurs, scientists, students<\/p>\n\n\n\n<p class=\"has-normal-font-size\"><strong>All scientific manuscripts are subject to double blind peer review. <\/strong><\/p>\n\n\n\n<p class=\"has-normal-font-size\"><strong>The electronic version of the magazine is the reference version.<\/strong> <\/p>\n\n\n\n<h2>Publisher<\/h2>\n\n\n\n<p class=\"has-normal-font-size\"><strong>Wydawnictwo Czasopism i Ksi\u0105\u017cek Technicznych SIGMA-NOT Sp\u00f3\u0142ka z o.o.<\/strong><br>Ratuszowa 11 street, 03-450 Warsaw, Poland<br>National Court Register Number (KRS): 0000069968<br>Tax Identification Number (NIP): 524-030-35-01 <\/p>\n\n\n\n<p><\/p>\n","protected":false},"excerpt":{"rendered":"<p>&#8220;Problems of Quality&#8221; bimonthly (6 issues a year)ISSN 0137-8651e-ISSN 2449-9862 &#8220;Problems of Quality&#8221;, launched in 1968, is a scientific journal presenting a detailed look on the achievements of theory and practice in the scientific discipline of management and quality in relation to the interdisciplinary field of knowledge, which is qualitology, whose most important applications can [&hellip;]<\/p>\n","protected":false},"author":1,"featured_media":0,"parent":0,"menu_order":0,"comment_status":"closed","ping_status":"open","template":"","meta":[],"_links":{"self":[{"href":"https:\/\/problemyjakosci.com.pl\/en\/index.php?rest_route=\/wp\/v2\/pages\/666"}],"collection":[{"href":"https:\/\/problemyjakosci.com.pl\/en\/index.php?rest_route=\/wp\/v2\/pages"}],"about":[{"href":"https:\/\/problemyjakosci.com.pl\/en\/index.php?rest_route=\/wp\/v2\/types\/page"}],"author":[{"embeddable":true,"href":"https:\/\/problemyjakosci.com.pl\/en\/index.php?rest_route=\/wp\/v2\/users\/1"}],"replies":[{"embeddable":true,"href":"https:\/\/problemyjakosci.com.pl\/en\/index.php?rest_route=%2Fwp%2Fv2%2Fcomments&post=666"}],"version-history":[{"count":15,"href":"https:\/\/problemyjakosci.com.pl\/en\/index.php?rest_route=\/wp\/v2\/pages\/666\/revisions"}],"predecessor-version":[{"id":1440,"href":"https:\/\/problemyjakosci.com.pl\/en\/index.php?rest_route=\/wp\/v2\/pages\/666\/revisions\/1440"}],"wp:attachment":[{"href":"https:\/\/problemyjakosci.com.pl\/en\/index.php?rest_route=%2Fwp%2Fv2%2Fmedia&parent=666"}],"curies":[{"name":"wp","href":"https:\/\/api.w.org\/{rel}","templated":true}]}}